{"id":736,"date":"2016-03-07T07:06:43","date_gmt":"2016-03-07T07:06:43","guid":{"rendered":"http:\/\/demo.vegatheme.com\/harmonia\/?page_id=736"},"modified":"2016-03-07T07:06:43","modified_gmt":"2016-03-07T07:06:43","slug":"blog-carousel","status":"publish","type":"page","link":"https:\/\/acetik.rs\/index.php\/blog-carousel\/","title":{"rendered":"Blog Carousel"},"content":{"rendered":"<p>[vc_row css=&#8220;.vc_custom_1456222114531{padding-top: 80px !important;padding-bottom: 80px !important;background-color: #ffffff !important;}&#8220;][vc_column][vc_custom_heading text=&#8220;BLOG CAROUSEL&#8220; font_container=&#8220;tag:h4|text_align:center&#8220; google_fonts=&#8220;font_family:Dosis%3A200%2C300%2Cregular%2C500%2C600%2C700%2C800|font_style:600%20bold%20regular%3A600%3Anormal&#8220;][vc_separator color=&#8220;custom&#8220; el_width=&#8220;10&#8243; accent_color=&#8220;#e67e22&#8243; css=&#8220;.vc_custom_1456296247055{margin-bottom: 0px !important;padding-top: 20px !important;}&#8220;][\/vc_column][vc_column]\t\n\t\n    \t\t\n    <div id=\"blog-carousel\" class=\"owl-carousel owl-theme\">\n    \t        <div class=\"item\">\n            <div class=\"one-page-blog-box\">\n                <div class=\"blog-box-2\">\n                                        \n\t                  \t\t\n\t\t\t\t\t\t\t\t\t\t\t\t\t\t<img decoding=\"async\" src=\"https:\/\/acetik.rs\/wp-content\/uploads\/bfi_thumb\/shutterstock_1166311090-3dgxk3mkqyrwfju6ia1b0g.jpg\" alt=\"\">\n\t\t\t\t\t\t\n                  \t\t                \n\t                <a href=\"https:\/\/acetik.rs\/index.php\/2020\/12\/30\/raznjici-od-povrca-u-pesto-sosu\/\" class=\"animsition-link\">RA\u017dNJI\u0106I OD POVR\u0106A U PESTO SOSU<\/a>\n\t\t\t        <div class=\"subtext\">30\/12\/2020. by <a href=\"https:\/\/acetik.rs\/index.php\/author\/lc2dxd82bg\/\" title=\"\u0427\u043b\u0430\u043d\u0446\u0438 \u043e\u0434 Destilacija Tesli\u0107\" rel=\"author\">Destilacija Tesli\u0107<\/a><\/div>\n\t\t\t        <p>[vc_row][vc_column][vc_column_text]SASTOJCI 1 Tikvica izrezana na ve\u0107e komade 1 velika \u017euta paprika izrezana na ve\u0107e komade 1 velika crvena...<\/p>\n\t\t\t        <div class=\"link-to-post\">\n\t\t\t            <a href=\"https:\/\/acetik.rs\/index.php\/2020\/12\/30\/raznjici-od-povrca-u-pesto-sosu\/\" class=\"animsition-link\">Read More<\/a>\n\t\t\t            <p class=\"blog-comment\">0 comment<\/p>\n\t\t\t        <\/div>\n\t            <\/div>\n\t        <\/div>\n        <\/div>\n               <div class=\"item\">\n            <div class=\"one-page-blog-box\">\n                <div class=\"blog-box-2\">\n                                        \n\t                  \t\t\n\t\t\t\t\t\t\t\t\t\t\t\t\t\t<img decoding=\"async\" src=\"https:\/\/acetik.rs\/wp-content\/uploads\/bfi_thumb\/shutterstock_501352657-3dgxk3i1wo8pni3b4euneo.jpg\" alt=\"\">\n\t\t\t\t\t\t\n                  \t\t                \n\t                <a href=\"https:\/\/acetik.rs\/index.php\/2020\/12\/30\/kukuruz-sa-rostilja\/\" class=\"animsition-link\">KUKURUZ SA RO\u0160TILJA<\/a>\n\t\t\t        <div class=\"subtext\">30\/12\/2020. by <a href=\"https:\/\/acetik.rs\/index.php\/author\/lc2dxd82bg\/\" title=\"\u0427\u043b\u0430\u043d\u0446\u0438 \u043e\u0434 Destilacija Tesli\u0107\" rel=\"author\">Destilacija Tesli\u0107<\/a><\/div>\n\t\t\t        <p>[vc_row][vc_column][vc_column_text]SASTOJCI 4 klipa kukuruza 3 ka\u0161ike rastopljenog putera sitno naseckan beli luk sok od 2 limete crvena paprika...<\/p>\n\t\t\t        <div class=\"link-to-post\">\n\t\t\t            <a href=\"https:\/\/acetik.rs\/index.php\/2020\/12\/30\/kukuruz-sa-rostilja\/\" class=\"animsition-link\">Read More<\/a>\n\t\t\t            <p class=\"blog-comment\">0 comment<\/p>\n\t\t\t        <\/div>\n\t            <\/div>\n\t        <\/div>\n        <\/div>\n               <div class=\"item\">\n            <div class=\"one-page-blog-box\">\n                <div class=\"blog-box-2\">\n                                        \n\t                  \t\t\n\t\t\t\t\t\t\t\t\t\t\t\t\t\t<img decoding=\"async\" src=\"https:\/\/acetik.rs\/wp-content\/uploads\/bfi_thumb\/shutterstock_1070985608-3dgxk3i1wo8pni3b4euneo.jpg\" alt=\"\">\n\t\t\t\t\t\t\n                  \t\t                \n\t                <a href=\"https:\/\/acetik.rs\/index.php\/2020\/12\/30\/rostiljska-kobasica\/\" class=\"animsition-link\">RO\u0160TILJSKA KOBASICA<\/a>\n\t\t\t        <div class=\"subtext\">30\/12\/2020. by <a href=\"https:\/\/acetik.rs\/index.php\/author\/lc2dxd82bg\/\" title=\"\u0427\u043b\u0430\u043d\u0446\u0438 \u043e\u0434 Destilacija Tesli\u0107\" rel=\"author\">Destilacija Tesli\u0107<\/a><\/div>\n\t\t\t        <p>[vc_row][vc_column][vc_column_text]SASTOJCI &nbsp; 1kg sve\u017ee ro\u0161tiljske kobasice sitno naseckani beli luk malo ulja i vegeta &nbsp; PRIPREMA &nbsp; Pome\u0161ajte...<\/p>\n\t\t\t        <div class=\"link-to-post\">\n\t\t\t            <a href=\"https:\/\/acetik.rs\/index.php\/2020\/12\/30\/rostiljska-kobasica\/\" class=\"animsition-link\">Read More<\/a>\n\t\t\t            <p class=\"blog-comment\">0 comment<\/p>\n\t\t\t        <\/div>\n\t            <\/div>\n\t        <\/div>\n        <\/div>\n               <div class=\"item\">\n            <div class=\"one-page-blog-box\">\n                <div class=\"blog-box-2\">\n                                        \n\t                  \t\t\n\t\t\t\t\t\t\t\t\t\t\t\t\t\t<img decoding=\"async\" src=\"https:\/\/acetik.rs\/wp-content\/uploads\/bfi_thumb\/shutterstock_1352997479-3dgxk3i1wo8pni3b4euneo.jpg\" alt=\"\">\n\t\t\t\t\t\t\n                  \t\t                \n\t                <a href=\"https:\/\/acetik.rs\/index.php\/2020\/12\/30\/pastrmka-na-zaru\/\" class=\"animsition-link\">PASTRMKA NA \u017dARU<\/a>\n\t\t\t        <div class=\"subtext\">30\/12\/2020. by <a href=\"https:\/\/acetik.rs\/index.php\/author\/lc2dxd82bg\/\" title=\"\u0427\u043b\u0430\u043d\u0446\u0438 \u043e\u0434 Destilacija Tesli\u0107\" rel=\"author\">Destilacija Tesli\u0107<\/a><\/div>\n\t\t\t        <p>[vc_row][vc_column][vc_column_text]SASTOJCI 4 pastrmke maslinovo ulje su\u0161eni bosiljak ruzmarin per\u0161un limun so \u00a0 \u00a0 PRIPREMA \u00a0 Ribu o\u010distiti i...<\/p>\n\t\t\t        <div class=\"link-to-post\">\n\t\t\t            <a href=\"https:\/\/acetik.rs\/index.php\/2020\/12\/30\/pastrmka-na-zaru\/\" class=\"animsition-link\">Read More<\/a>\n\t\t\t            <p class=\"blog-comment\">0 comment<\/p>\n\t\t\t        <\/div>\n\t            <\/div>\n\t        <\/div>\n        <\/div>\n           <\/div>\n    <script type=\"text\/javascript\">\n    \t(function($) { \"use strict\";\n\t\t    $(document).ready(function() {\n\t\t      \t\/\/ Blog Carousel\n\t\t\t\t$(\"#blog-carousel\").owlCarousel({\n\t\t\t\t\titems : 3,\n\t\t\t\t\titemsDesktop : [1000,3], \n\t\t\t\t\titemsDesktopSmall : [900,3],\n\t\t\t\t\titemsTablet: [600,1], \n\t\t\t\t\titemsMobile : false, \n\t\t\t\t\tpagination : true,\n\t\t\t\t\tautoPlay : 3000,\n\t\t\t\t\tslideSpeed : 300\n\t\t\t\t});\n\t\t    });\n\t  \t})(jQuery);\n    <\/script>\n[\/vc_column][\/vc_row]<\/p>\n","protected":false},"excerpt":{"rendered":"<p>[vc_row css=&#8220;.vc_custom_1456222114531{padding-top: 80px !important;padding-bottom: 80px !important;background-color: #ffffff !important;}&#8220;][vc_column][vc_custom_heading text=&#8220;BLOG CAROUSEL&#8220; font_container=&#8220;tag:h4|text_align:center&#8220; google_fonts=&#8220;font_family:Dosis%3A200%2C300%2Cregular%2C500%2C600%2C700%2C800|font_style:600%20bold%20regular%3A600%3Anormal&#8220;][vc_separator color=&#8220;custom&#8220; el_width=&#8220;10&#8243; accent_color=&#8220;#e67e22&#8243; css=&#8220;.vc_custom_1456296247055{margin-bottom: 0px !important;padding-top: 20px !important;}&#8220;][\/vc_column][vc_column][\/vc_column][\/vc_row]<\/p>\n","protected":false},"author":1,"featured_media":0,"parent":0,"menu_order":0,"comment_status":"closed","ping_status":"closed","template":"page-templates\/template-fullwidth.php","meta":{"footnotes":""},"class_list":["post-736","page","type-page","status-publish","hentry"],"_links":{"self":[{"href":"https:\/\/acetik.rs\/index.php\/wp-json\/wp\/v2\/pages\/736","targetHints":{"allow":["GET"]}}],"collection":[{"href":"https:\/\/acetik.rs\/index.php\/wp-json\/wp\/v2\/pages"}],"about":[{"href":"https:\/\/acetik.rs\/index.php\/wp-json\/wp\/v2\/types\/page"}],"author":[{"embeddable":true,"href":"https:\/\/acetik.rs\/index.php\/wp-json\/wp\/v2\/users\/1"}],"replies":[{"embeddable":true,"href":"https:\/\/acetik.rs\/index.php\/wp-json\/wp\/v2\/comments?post=736"}],"version-history":[{"count":0,"href":"https:\/\/acetik.rs\/index.php\/wp-json\/wp\/v2\/pages\/736\/revisions"}],"wp:attachment":[{"href":"https:\/\/acetik.rs\/index.php\/wp-json\/wp\/v2\/media?parent=736"}],"curies":[{"name":"wp","href":"https:\/\/api.w.org\/{rel}","templated":true}]}}