{"id":3915,"date":"2020-12-04T11:35:07","date_gmt":"2020-12-04T11:35:07","guid":{"rendered":"http:\/\/v2.destilacija.net\/index.php\/odbor-za-reviziju\/"},"modified":"2021-01-05T07:28:57","modified_gmt":"2021-01-05T07:28:57","slug":"odbor-za-reviziju","status":"publish","type":"page","link":"https:\/\/acetik.rs\/index.php\/odbor-za-reviziju\/?lang=en","title":{"rendered":"AUDIT COMMITTEE"},"content":{"rendered":"<p>[vc_row][vc_column width=&#8220;1\/4&#8243;][vc_single_image image=&#8220;3859&#8243;][\/vc_column][vc_column width=&#8220;3\/4&#8243;][vc_column_text]<\/p>\n<h4 style=\"text-align: center;\">Radivoje Vukovi\u0107<\/h4>\n<p style=\"text-align: center;\"><strong>BEC.\u00a0ECC, PRESIDENT<\/strong><\/p>\n<h5 style=\"text-align: center;\"><span class=\"VIiyi\" lang=\"en\"><span class=\"JLqJ4b ChMk0b\" data-language-for-alternatives=\"en\" data-language-to-translate-into=\"auto\" data-phrase-index=\"1\">\u00a0<\/span><\/span><\/h5>\n<p>&nbsp;<\/p>\n<p>Born on the 1<sup>st<\/sup> January 1959 in the village of Pribini\u0107, municipality of Tesli\u0107. He finished primary and secondary school in Tesli\u0107. He graduated from the Faculty of Economics in Sarajevo. In HI \u201cDestilacija\u201d a.d. Tesli\u0107 has been employed since 1984. He first worked in the Planning and Analysis Sector, later as a commercialist, and since 2001 he has been the head of the Import-Export Service. He is currently Assistant Director for General Affairs and Economic Affairs. From 2001 to 2005 he was the President of the Supervisory Board of HI \u201cDestilacija\u201d a.d. Tesli\u0107, and since 2005 a member of the Management Board of HI \u201cDestilacija\u201d a.d. Tesli\u0107.[\/vc_column_text][\/vc_column][\/vc_row][vc_row][vc_column width=&#8220;1\/4&#8243;][vc_single_image image=&#8220;3862&#8243; img_size=&#8220;full&#8220;][\/vc_column][vc_column width=&#8220;3\/4&#8243;][vc_column_text]<\/p>\n<h4 style=\"text-align: center;\"><strong>Gordana Drobnjak<\/strong><\/h4>\n<p style=\"text-align: center;\"><strong>CFA, B.Sc. ecc, Member<\/strong><\/p>\n<p>&nbsp;<\/p>\n<p>&nbsp;<\/p>\n<p>&nbsp;<\/p>\n<p>Bachelor of Economics (Faculty of Economics, University of Belgrade 2006 \u2013 Department of Finance, Banking and Insurance). She earned the title of Chartered Financial Analyst in 2012. She graduated from the London School of Commerce in May 2015 and earned a Master of Business Administration (MBA for Executives). She obtained the investment manager license of RS Securities Commission in November 2007. She obtained the license of a certified accountant of the Association of Accountants and Auditors of RS in November 2015.<\/p>\n<p>&nbsp;<\/p>\n<p>She started her career in 2007 in \u201cBalkan Investment Bank\u201d ad Banja Luka in custody and brokerage. From January 2008 he transferred to \u201cHypo Alpe-Adria Bank\u201d ad Banja Luka in the Investment Banking Department as the head of the corporate finance division until September 2010. Until January 2011 he worked as a Senior Analyst in the Chief Economist Department of\u00a0\u201cHypo Alpe-Adria Bank\u201d ad Banja Luka. From June 2009 to January 2011, she performed the function of the President of the Supervisory Board of \u201cKristal invest fond\u201d ad. From May 2009 to September 2014, Gordana was a member of the Commission for quotation of\u00a0\u201cBanja Luka Stock Exchange\u201d ad.<\/p>\n<p>&nbsp;<\/p>\n<p>Since the beginning of operations of the Management Company PREF RS in January 2011, she has been working as the Executive Director for Accounting, General Affairs and Development. PREF is currently the largest fund in Republika Srpska with assets of over 260 million KM and an ownership stake in over 390 joint stock companies.[\/vc_column_text][\/vc_column][\/vc_row][vc_row][vc_column width=&#8220;1\/4&#8243;][vc_single_image image=&#8220;3867&#8243;][\/vc_column][vc_column width=&#8220;3\/4&#8243;][vc_column_text]<\/p>\n<h4 style=\"text-align: center;\"><strong>Dra\u017een \u0160krebi\u0107<\/strong><\/h4>\n<p style=\"text-align: center;\"><strong>MEMBER<\/strong><\/p>\n<p>&nbsp;<\/p>\n<p>&nbsp;<\/p>\n<p>Born on the 20<sup>th<\/sup> November 1994. He finished elementary school in Tesli\u0107. He also finished high school in Tesli\u0107. He obtained the diploma of Information Technology Engineer in Banja Luka. He is employed in \u201c\u0160krebi\u0107 Company\u201d.<\/p>\n<p>&nbsp;<\/p>\n<div class=\"service-details\">\n<p>&nbsp;<\/p>\n<\/div>\n<p>[\/vc_column_text][\/vc_column][\/vc_row][vc_row][vc_column width=&#8220;1\/4&#8243;][\/vc_column][\/vc_row]<\/p>\n","protected":false},"excerpt":{"rendered":"<p>[vc_row][vc_column width=&#8220;1\/4&#8243;][vc_single_image image=&#8220;3859&#8243;][\/vc_column][vc_column width=&#8220;3\/4&#8243;][vc_column_text] Radivoje Vukovi\u0107 BEC.\u00a0ECC, PRESIDENT \u00a0 &nbsp; Born on the 1st January 1959 in the village of Pribini\u0107, municipality of Tesli\u0107. He finished primary and secondary school in Tesli\u0107. He graduated from the Faculty of Economics in Sarajevo. In HI \u201cDestilacija\u201d a.d. Tesli\u0107 has been employed since 1984. He first worked in [&hellip;]<\/p>\n","protected":false},"author":1,"featured_media":0,"parent":0,"menu_order":0,"comment_status":"closed","ping_status":"closed","template":"page-templates\/template-fullwidth.php","meta":{"footnotes":""},"class_list":["post-3915","page","type-page","status-publish","hentry"],"_links":{"self":[{"href":"https:\/\/acetik.rs\/index.php\/wp-json\/wp\/v2\/pages\/3915","targetHints":{"allow":["GET"]}}],"collection":[{"href":"https:\/\/acetik.rs\/index.php\/wp-json\/wp\/v2\/pages"}],"about":[{"href":"https:\/\/acetik.rs\/index.php\/wp-json\/wp\/v2\/types\/page"}],"author":[{"embeddable":true,"href":"https:\/\/acetik.rs\/index.php\/wp-json\/wp\/v2\/users\/1"}],"replies":[{"embeddable":true,"href":"https:\/\/acetik.rs\/index.php\/wp-json\/wp\/v2\/comments?post=3915"}],"version-history":[{"count":9,"href":"https:\/\/acetik.rs\/index.php\/wp-json\/wp\/v2\/pages\/3915\/revisions"}],"predecessor-version":[{"id":4243,"href":"https:\/\/acetik.rs\/index.php\/wp-json\/wp\/v2\/pages\/3915\/revisions\/4243"}],"wp:attachment":[{"href":"https:\/\/acetik.rs\/index.php\/wp-json\/wp\/v2\/media?parent=3915"}],"curies":[{"name":"wp","href":"https:\/\/api.w.org\/{rel}","templated":true}]}}