{"id":3675,"date":"2020-12-04T09:45:12","date_gmt":"2020-12-04T09:45:12","guid":{"rendered":"http:\/\/v2.destilacija.net\/index.php\/direktor\/"},"modified":"2021-01-05T07:33:41","modified_gmt":"2021-01-05T07:33:41","slug":"direktor","status":"publish","type":"page","link":"https:\/\/acetik.rs\/index.php\/direktor\/?lang=de","title":{"rendered":"WORT DES DIREKTORS"},"content":{"rendered":"<p>[vc_row][vc_column width=&#8220;2\/3&#8243;][vc_column_text]<strong>Geboren am 01.12.1978. Jahre in Tesli\u0107. Er beendete die Grundschule in Tesli\u0107 sowie das Gymnasium und die Fakult\u00e4t f\u00fcr Wirtschaftswissenschaften mit Schwerpunkt Finanzmanagement in Banja Luka. Er hat die Pr\u00fcfung f\u00fcr einen Wirtschaftspr\u00fcfer und eine Lizenz bestanden. In HI \u201eDestillation&#8220; a.d. ist seit 2006 t\u00e4tig und stellvertretender Leiter des Wirtschafts- und Rechnungslegungssektors. Seit 2008 ist er Leiter des Wirtschafts- und Rechnungslegungssektors. Seit 2011 ist er als Finanzvorstand t\u00e4tig. Seit 2017 ist er Pr\u00e4sident des Verwaltungsrates der regionalen Handelskammer von Doboj und seit demselben Jahr Mitglied des Verwaltungsrates der Handelskammer der Republik Srpska. Ab dem 01.03.2019. f\u00fchrt die Aufgaben des Generaldirektors von HI \u201eDestillation&#8220; a.d. Teslic.<\/strong><\/p>\n<p>&nbsp;<\/p>\n<p>&nbsp;<\/p>\n<p>&nbsp;<\/p>\n<p>Die Aktiengesellschaft HI \u201eDestillation&#8220; Tesli\u0107 wurde Ende des 19. Jahrhunderts (1896) mit den Grundprodukten Holzkohle und Essigs\u00e4ure gegr\u00fcndet. In all den Jahren seines Bestehens ist Destillation st\u00e4ndig bem\u00fcht, die Qualit\u00e4t seiner Produkte zu verbessern.<\/p>\n<p>&nbsp;<\/p>\n<p>Geleitet von dem weisen Sprichwort \u201eWenn Sie nicht an die Zukunft denken, k\u00f6nnen Sie sie nicht haben!\u201c Das st\u00e4ndige Ziel war und ist die Entwicklung neuer Produkte, die haupts\u00e4chlich auf Basisprodukten basieren und zur Herstellung von Holzkohle-Staubbriketts, Aromen, Alkohol, Wein und Apfel f\u00fchrten. Essig sowie andere Produkte.<\/p>\n<p>&nbsp;<\/p>\n<p>Dass sie ihre Ziele erreicht hat, wurde durch verschiedene Anerkennungen f\u00fcr ihre Arbeit und Qualit\u00e4t von der Stadt, der Republik bis zur internationalen Ebene und Bedeutung best\u00e4tigt. Heute ist HI \u201eDestillation&#8220; AD Tesli\u0107 vollst\u00e4ndig technologisch und infrastrukturell vollst\u00e4ndig, besetzt und organisatorisch mit allen notwendigen Dienstleistungen f\u00fcr den Betrieb des Unternehmens ausgestattet.<\/p>\n<p>&nbsp;<\/p>\n<p>&nbsp;<\/p>\n<p>Dar\u00fcber hinaus legt \u201eDestillation&#8220; gro\u00dfen Wert auf die Verbesserung des technologischen Prozesses im Hinblick auf die Verbesserung der Arbeitsbedingungen und den Schutz des Arbeits- und Lebensumfelds. Dies l\u00e4sst sich am besten durch Investitionen in den Bau neuer, moderner horizontaler \u00d6fen f\u00fcr die Trockenholzdestillation erkennen, die eine Ersatzkapazit\u00e4t f\u00fcr veraltete und veraltete darstellen.<\/p>\n<p>&nbsp;<\/p>\n<p>&nbsp;<\/p>\n<p>Das strategische Ziel von HI \u201eDestillation&#8220; AD Tesli\u0107 ist es, die bestehende Produktion zu erweitern, neue Produkte und Technologien zu entwickeln, die Umwelt zu ber\u00fccksichtigen und internationale Standards und Vorschriften einzuhalten, um die Marktzufriedenheit zu steigern.[\/vc_column_text][\/vc_column][vc_column width=&#8220;1\/3&#8243;][vc_single_image image=&#8220;3847&#8243; img_size=&#8220;large&#8220;][vc_empty_space][vc_column_text]<\/p>\n<h4 style=\"text-align: center;\"><strong>Zoran \u0160krebi\u0107<\/strong><\/h4>\n<h4 style=\"text-align: center;\">Direktor<\/h4>\n<p>[\/vc_column_text][\/vc_column][\/vc_row]<\/p>\n","protected":false},"excerpt":{"rendered":"<p>[vc_row][vc_column width=&#8220;2\/3&#8243;][vc_column_text]Geboren am 01.12.1978. Jahre in Tesli\u0107. Er beendete die Grundschule in Tesli\u0107 sowie das Gymnasium und die Fakult\u00e4t f\u00fcr Wirtschaftswissenschaften mit Schwerpunkt Finanzmanagement in Banja Luka. Er hat die Pr\u00fcfung f\u00fcr einen Wirtschaftspr\u00fcfer und eine Lizenz bestanden. In HI \u201eDestillation&#8220; a.d. ist seit 2006 t\u00e4tig und stellvertretender Leiter des Wirtschafts- und Rechnungslegungssektors. Seit 2008 [&hellip;]<\/p>\n","protected":false},"author":1,"featured_media":0,"parent":0,"menu_order":0,"comment_status":"closed","ping_status":"closed","template":"page-templates\/template-fullwidth.php","meta":{"footnotes":""},"class_list":["post-3675","page","type-page","status-publish","hentry"],"_links":{"self":[{"href":"https:\/\/acetik.rs\/index.php\/wp-json\/wp\/v2\/pages\/3675","targetHints":{"allow":["GET"]}}],"collection":[{"href":"https:\/\/acetik.rs\/index.php\/wp-json\/wp\/v2\/pages"}],"about":[{"href":"https:\/\/acetik.rs\/index.php\/wp-json\/wp\/v2\/types\/page"}],"author":[{"embeddable":true,"href":"https:\/\/acetik.rs\/index.php\/wp-json\/wp\/v2\/users\/1"}],"replies":[{"embeddable":true,"href":"https:\/\/acetik.rs\/index.php\/wp-json\/wp\/v2\/comments?post=3675"}],"version-history":[{"count":6,"href":"https:\/\/acetik.rs\/index.php\/wp-json\/wp\/v2\/pages\/3675\/revisions"}],"predecessor-version":[{"id":4117,"href":"https:\/\/acetik.rs\/index.php\/wp-json\/wp\/v2\/pages\/3675\/revisions\/4117"}],"wp:attachment":[{"href":"https:\/\/acetik.rs\/index.php\/wp-json\/wp\/v2\/media?parent=3675"}],"curies":[{"name":"wp","href":"https:\/\/api.w.org\/{rel}","templated":true}]}}