{"id":3571,"date":"2020-12-10T09:49:22","date_gmt":"2020-12-10T09:49:22","guid":{"rendered":"http:\/\/v2.destilacija.net\/?page_id=3571"},"modified":"2021-01-05T07:18:20","modified_gmt":"2021-01-05T07:18:20","slug":"struktura-akcionara","status":"publish","type":"page","link":"https:\/\/acetik.rs\/index.php\/struktura-akcionara\/","title":{"rendered":"STRUKTURA AKCIONARA"},"content":{"rendered":"<p>[vc_row][vc_column][vc_column_text]Prema podacima Centralnog registra HOV, od <span id=\"ctl00_ctl00_Content_MainContent_labAkcionariDatum\">17.12.2020.<\/span> godine, deset najve\u0107ih akcionara su:<\/p>\n<p>&nbsp;<\/p>\n<table width=\"79%\">\n<tbody>\n<tr>\n<td><a href=\"https:\/\/www.blberza.com\/pages\/SecurityList.aspx?sh=%c5%a0KREBI%c4%86+DRA%c5%bdEN\">\u0160KREBI\u0106 DRA\u017dEN<\/a><\/td>\n<td>11,665277 %<\/td>\n<\/tr>\n<tr>\n<td><a href=\"https:\/\/www.blberza.com\/pages\/SecurityList.aspx?sh=%c5%a0KREBI%c4%86+MLADEN\">\u0160KREBI\u0106 MLADEN<\/a><\/td>\n<td>11,589731 %<\/td>\n<\/tr>\n<tr>\n<td><a href=\"https:\/\/www.blberza.com\/pages\/SecurityList.aspx?sh=TRIVI%c4%86+SA%c5%a0A\">TRIVI\u0106 SA\u0160A<\/a><\/td>\n<td>11,181119 %<\/td>\n<\/tr>\n<tr>\n<td><a href=\"https:\/\/www.blberza.com\/pages\/SecurityList.aspx?sh=PREF+AD+BANJA+LUKA\">PREF AD BANJA LUKA<\/a><\/td>\n<td>7,713552 %<\/td>\n<\/tr>\n<tr>\n<td><a href=\"https:\/\/www.blberza.com\/pages\/SecurityList.aspx?sh=%c5%a0KREBI%c4%86+GORAN\">\u0160KREBI\u0106 GORAN<\/a><\/td>\n<td>7,399634 %<\/td>\n<\/tr>\n<tr>\n<td><a href=\"https:\/\/www.blberza.com\/pages\/SecurityList.aspx?sh=ZIF+PROF-PLUS+DD+SARAJEVO\">ZIF PROF-PLUS DD SARAJEVO<\/a><\/td>\n<td>5,724725 %<\/td>\n<\/tr>\n<tr>\n<td><a href=\"https:\/\/www.blberza.com\/pages\/SecurityList.aspx?sh=%c5%a0KREBI%c4%86+ZORAN\">\u0160KREBI\u0106 ZORAN<\/a><\/td>\n<td>4,488650 %<\/td>\n<\/tr>\n<tr>\n<td><a href=\"https:\/\/www.blberza.com\/pages\/SecurityList.aspx?sh=VUKOVI%c4%86+RADIVOJE\">VUKOVI\u0106 RADIVOJE<\/a><\/td>\n<td>4,459535 %<\/td>\n<\/tr>\n<tr>\n<td><a href=\"https:\/\/www.blberza.com\/pages\/SecurityList.aspx?sh=MARKO%c4%8cEVI%c4%86+DARIO\">MARKO\u010cEVI\u0106 DARIO<\/a><\/td>\n<td>3,983953 %<\/td>\n<\/tr>\n<\/tbody>\n<\/table>\n<p>[\/vc_column_text][\/vc_column][\/vc_row]<\/p>\n","protected":false},"excerpt":{"rendered":"<p>[vc_row][vc_column][vc_column_text]Prema podacima Centralnog registra HOV, od 17.12.2020. godine, deset najve\u0107ih akcionara su: &nbsp; \u0160KREBI\u0106 DRA\u017dEN 11,665277 % \u0160KREBI\u0106 MLADEN 11,589731 % TRIVI\u0106 SA\u0160A 11,181119 % PREF AD BANJA LUKA 7,713552 % \u0160KREBI\u0106 GORAN 7,399634 % ZIF PROF-PLUS DD SARAJEVO 5,724725 % \u0160KREBI\u0106 ZORAN 4,488650 % VUKOVI\u0106 RADIVOJE 4,459535 % MARKO\u010cEVI\u0106 DARIO 3,983953 % [\/vc_column_text][\/vc_column][\/vc_row]<\/p>\n","protected":false},"author":1,"featured_media":0,"parent":0,"menu_order":0,"comment_status":"closed","ping_status":"closed","template":"page-templates\/template-fullwidth.php","meta":{"footnotes":""},"class_list":["post-3571","page","type-page","status-publish","hentry"],"_links":{"self":[{"href":"https:\/\/acetik.rs\/index.php\/wp-json\/wp\/v2\/pages\/3571","targetHints":{"allow":["GET"]}}],"collection":[{"href":"https:\/\/acetik.rs\/index.php\/wp-json\/wp\/v2\/pages"}],"about":[{"href":"https:\/\/acetik.rs\/index.php\/wp-json\/wp\/v2\/types\/page"}],"author":[{"embeddable":true,"href":"https:\/\/acetik.rs\/index.php\/wp-json\/wp\/v2\/users\/1"}],"replies":[{"embeddable":true,"href":"https:\/\/acetik.rs\/index.php\/wp-json\/wp\/v2\/comments?post=3571"}],"version-history":[{"count":6,"href":"https:\/\/acetik.rs\/index.php\/wp-json\/wp\/v2\/pages\/3571\/revisions"}],"predecessor-version":[{"id":4129,"href":"https:\/\/acetik.rs\/index.php\/wp-json\/wp\/v2\/pages\/3571\/revisions\/4129"}],"wp:attachment":[{"href":"https:\/\/acetik.rs\/index.php\/wp-json\/wp\/v2\/media?parent=3571"}],"curies":[{"name":"wp","href":"https:\/\/api.w.org\/{rel}","templated":true}]}}