{"id":3515,"date":"2020-12-04T11:28:06","date_gmt":"2020-12-04T11:28:06","guid":{"rendered":"http:\/\/v2.destilacija.net\/?page_id=3515"},"modified":"2021-01-15T12:20:21","modified_gmt":"2021-01-15T12:20:21","slug":"upravni-odbor","status":"publish","type":"page","link":"https:\/\/acetik.rs\/index.php\/upravni-odbor\/","title":{"rendered":"UPRAVNI ODBOR"},"content":{"rendered":"<p>[vc_row][vc_column width=&#8220;1\/4&#8243;][vc_single_image image=&#8220;3849&#8243;][\/vc_column][vc_column width=&#8220;3\/4&#8243;][vc_column_text]<\/p>\n<h4 style=\"text-align: center;\">Novo \u0160krebi\u0107<\/h4>\n<h5 style=\"text-align: center;\">Predsjednik upravnog odbora<\/h5>\n<p>&nbsp;<\/p>\n<p>&nbsp;<\/p>\n<p>Ro\u0111en u Tesli\u0107u, gdje je zavr\u0161io osnovnu i srednju \u0161kolu. Tehnolo\u0161ki fakultet zavr\u0161io u Tuzli. U HI \u201eDestilacija\u201d a.d. Tesli\u0107 radio od 1977. godine. Radio na mjestu rukovodioca pogona, \u0161efa proizvodnje, tehni\u010dkog direktora, a direktor je od 2001. godine. Vr\u0161io je du\u017enost predsjednika Privredne komore regije Doboj te je bio i predsjednik Upravnog odbora Privredne komore RS. Vr\u0161io je du\u017enost direktora u HI Destilacija a.d. Tesli\u0107 do 2019. godine, kada se penzionisao. Danas je predsjednik Upravnog odbora HI Destilacije a.d. Tesli\u0107.<\/p>\n<p>&nbsp;<\/p>\n<p><strong>\u00a0<\/strong>[\/vc_column_text][\/vc_column][\/vc_row][vc_row][vc_column width=&#8220;1\/4&#8243;][vc_single_image image=&#8220;3852&#8243;][\/vc_column][vc_column width=&#8220;3\/4&#8243;][vc_column_text]<\/p>\n<h4 style=\"text-align: center;\">Du\u0161ko Marko\u010devi\u0107<\/h4>\n<h5 style=\"text-align: center;\">dipl. ecc, \u010dlan<\/h5>\n<p>&nbsp;<\/p>\n<p>&nbsp;<\/p>\n<div class=\"service-details\">Ro\u0111en 01.06.1958. godine u Tesli\u0107u, gdje je zavr\u0161io osnovnu i srednju \u0161kolu. Ekonomski fakultet zavr\u0161io je u Banjoj Luci 1981. godine. U HI \u201eDestilacija\u201d a.d. Tesli\u0107 radio od 1981. godine, u sektoru za razvoj, kasnije u nabavi. Danas je rukovodioc nabavne slu\u017ebe i \u010dlan Upravnog odbora HI \u201eDestilacija\u201d a.d. Tesli\u0107.<\/div>\n<p>[\/vc_column_text][\/vc_column][\/vc_row][vc_row][vc_column width=&#8220;1\/4&#8243;][vc_single_image image=&#8220;3855&#8243; img_size=&#8220;full&#8220;][\/vc_column][vc_column width=&#8220;3\/4&#8243;][vc_column_text]<\/p>\n<div class=\"service-column service-info-box service-column-1 service-boxes-icon-with-title alignicon-left alignicon-left-horizontal serviceboxes-horizontal clearfix\">\n<div class=\"service-item service-item-space\">\n<h4 style=\"text-align: center;\">Dr Igor Dodig<\/h4>\n<h5 style=\"text-align: center;\">\u010dlan<\/h5>\n<\/div>\n<\/div>\n<p>&nbsp;<\/p>\n<p>&nbsp;<\/p>\n<div class=\"service-column service-info-box service-column-1 service-boxes-icon-with-title alignicon-left alignicon-left-horizontal serviceboxes-horizontal clearfix\">\n<div class=\"service-item service-item-space\">\n<div class=\"service-details\">\n<p>Ro\u0111en u Banjoj Luci 1975. godine. Zvanje diplomiranog in\u017eenjera menad\u017ementa stekao na Fakultetu organizacionih nauka u Beogradu, a postdiplomske studije zavr\u0161io na Metropolitan University u Londonu. Zvanje doktora ekonomskih nauka stekao na Univerzitetu Signidunum u Beogradu. Posjeduje zvanje brokera i investicionog menad\u017eera od 2002. godine. Preko 15 godina iskustva, uklju\u010duju\u0107i rukovode\u0107e pozicije, u finansijama, tr\u017ei\u0161tu kapitala i investicionim fondovima. Pored toga, u okviru akademske karijere kao docent dr je radio kao predava\u010d na fakultetu u oblasti marketinga, komunikacija i PR-a. Trenutno radi kao konsultant u IT industriji u segmentu razvoja softverskih aplikacija za e-banking sisteme i digitalnu transformaciju kompanija.<\/p>\n<\/div>\n<\/div>\n<\/div>\n<p>[\/vc_column_text][\/vc_column][\/vc_row]<\/p>\n","protected":false},"excerpt":{"rendered":"<p>[vc_row][vc_column width=&#8220;1\/4&#8243;][vc_single_image image=&#8220;3849&#8243;][\/vc_column][vc_column width=&#8220;3\/4&#8243;][vc_column_text] Novo \u0160krebi\u0107 Predsjednik upravnog odbora &nbsp; &nbsp; Ro\u0111en u Tesli\u0107u, gdje je zavr\u0161io osnovnu i srednju \u0161kolu. Tehnolo\u0161ki fakultet zavr\u0161io u Tuzli. U HI \u201eDestilacija\u201d a.d. Tesli\u0107 radio od 1977. godine. Radio na mjestu rukovodioca pogona, \u0161efa proizvodnje, tehni\u010dkog direktora, a direktor je od 2001. godine. Vr\u0161io je du\u017enost predsjednika Privredne [&hellip;]<\/p>\n","protected":false},"author":1,"featured_media":0,"parent":0,"menu_order":0,"comment_status":"closed","ping_status":"closed","template":"page-templates\/template-fullwidth.php","meta":{"footnotes":""},"class_list":["post-3515","page","type-page","status-publish","hentry"],"_links":{"self":[{"href":"https:\/\/acetik.rs\/index.php\/wp-json\/wp\/v2\/pages\/3515","targetHints":{"allow":["GET"]}}],"collection":[{"href":"https:\/\/acetik.rs\/index.php\/wp-json\/wp\/v2\/pages"}],"about":[{"href":"https:\/\/acetik.rs\/index.php\/wp-json\/wp\/v2\/types\/page"}],"author":[{"embeddable":true,"href":"https:\/\/acetik.rs\/index.php\/wp-json\/wp\/v2\/users\/1"}],"replies":[{"embeddable":true,"href":"https:\/\/acetik.rs\/index.php\/wp-json\/wp\/v2\/comments?post=3515"}],"version-history":[{"count":18,"href":"https:\/\/acetik.rs\/index.php\/wp-json\/wp\/v2\/pages\/3515\/revisions"}],"predecessor-version":[{"id":4497,"href":"https:\/\/acetik.rs\/index.php\/wp-json\/wp\/v2\/pages\/3515\/revisions\/4497"}],"wp:attachment":[{"href":"https:\/\/acetik.rs\/index.php\/wp-json\/wp\/v2\/media?parent=3515"}],"curies":[{"name":"wp","href":"https:\/\/api.w.org\/{rel}","templated":true}]}}