{"id":3399,"date":"2020-12-04T10:10:22","date_gmt":"2020-12-04T10:10:22","guid":{"rendered":"http:\/\/v2.destilacija.net\/?page_id=3399"},"modified":"2021-01-05T07:19:00","modified_gmt":"2021-01-05T07:19:00","slug":"ekoloska-odgovornost","status":"publish","type":"page","link":"https:\/\/acetik.rs\/index.php\/ekoloska-odgovornost\/","title":{"rendered":"EKOLO\u0160KA ODGOVORNOST"},"content":{"rendered":"<p>[vc_row][vc_column]\t\t\n\t\t\t\t\t\t\t<a href=\"https:\/\/acetik.rs\/wp-content\/uploads\/2020\/12\/environment-2196690_1280-640x300-2.jpg\" class=\"grayscale-wrap fancybox\" >\n\t\t\t\t<img decoding=\"async\" src=\"https:\/\/acetik.rs\/wp-content\/uploads\/2020\/12\/environment-2196690_1280-640x300-2.jpg\" alt=\"\"> \t\t\n\t\t\t<\/a>\n\t\t\n[\/vc_column][\/vc_row][vc_row][vc_column][vc_column_text]Destilacija nastoji da minimizira ekolo\u0161ke uticaje svojih aktivnosti, proizvoda i procesa. Naro\u010dito\u00a0 nam je cilj da smanjimo emitovanje materija u vazduh (aerozaga\u0111enje), da smanjimo upotrebu vode i ispu\u0161tanje otpadnih voda u vodene tokove, tako \u0161to \u0107emo primjeniti ekonomski najcjelishodnije i najbolje tehnologije i tako \u0161to \u0107emo usvojiti princip prevencije zaga\u0111ivanja.<\/p>\n<p>&nbsp;<\/p>\n<p>Destilacija se obavezuje da \u0107e se usaglasiti sa svim zakonskim propisima i industrijskim pravilima pona\u0161anja koji se odnose na na\u0161 ekolo\u0161ki uticaj, i tamo gdje ne postoje propisi, nastojimo da uspostavimo me\u0111unarodne standarde koji \u0107e biti u skladu sa na\u0161im sveukupnim ciljem pobolj\u0161anja korporativnog ekolo\u0161kog u\u010dinka.<\/p>\n<p>Akcionarsko dru\u0161tvo \u201eHI Destilacija Tesli\u0107&#8220; je simbol dugoro\u010dne i uspje\u0161ne saradnje \u010dovjeka i prirode.<\/p>\n<p>&nbsp;<\/p>\n<p>Akcionarsko dru\u0161tvo HI Destilacija Tesli\u0107je simbol dugoro\u010dne i uspje\u0161ne saradnje \u010dovjeka i prirode. Ve\u0107 120 godina uspje\u0161no sara\u0111ujemo s prirodom, po\u0161tovanjem i o\u010duvanjem okoline. Na\u0161i proizvodi su potpuno prirodnog porijekla.<\/p>\n<p>&nbsp;<\/p>\n<p>Osnovna sirovina na\u0161ih proizvoda je drvo. Odgovorno vr\u0161imo nabavku drveta, vode\u0107i ra\u010duna da ne doprinesemo sve \u010de\u0161\u0107oj praksi neodgovorne sje\u010de \u0161uma. Iz togr azloga posjedujemo i FSC sertifikat, kojim garantujemo da na\u0161e drvo poti\u010de iz \u0161uma kojima se upravlja na odr\u017eiv na\u010din i koje se kontinuirano obnavljaju.<\/p>\n<p>&nbsp;<\/p>\n<p>Investiranje u horizontalne pe\u0107i zaspaljivanje \u010dvrstog otpada, u\u010dinilo je da sav otpad i piljevinu iz proizvodnog procesa ponovo iskoristimo kao energetsko gorivo, a zaga\u0111enje okoline svedemo na minimum.<\/p>\n<p>&nbsp;<\/p>\n<p>Ispunjavamo sve svjetske ekolo\u0161ke standarde, redovno unapre\u0111ujemo tehnolo\u0161ke procese, ali i uslove za rad. Upravljanjem svih vrsta otpada tokom procesa proizvodnje, \u010duvamo prirodu I podi\u017eemo nivo kako kvaliteta proizvoda, tako i \u017eivota potro\u0161a\u010da i dru\u0161tvene zajednice.[\/vc_column_text][\/vc_column][\/vc_row]<\/p>\n","protected":false},"excerpt":{"rendered":"<p>[vc_row][vc_column][\/vc_column][\/vc_row][vc_row][vc_column][vc_column_text]Destilacija nastoji da minimizira ekolo\u0161ke uticaje svojih aktivnosti, proizvoda i procesa. Naro\u010dito\u00a0 nam je cilj da smanjimo emitovanje materija u vazduh (aerozaga\u0111enje), da smanjimo upotrebu vode i ispu\u0161tanje otpadnih voda u vodene tokove, tako \u0161to \u0107emo primjeniti ekonomski najcjelishodnije i najbolje tehnologije i tako \u0161to \u0107emo usvojiti princip prevencije zaga\u0111ivanja. &nbsp; Destilacija se obavezuje da [&hellip;]<\/p>\n","protected":false},"author":1,"featured_media":0,"parent":0,"menu_order":0,"comment_status":"closed","ping_status":"closed","template":"page-templates\/template-fullwidth.php","meta":{"footnotes":""},"class_list":["post-3399","page","type-page","status-publish","hentry"],"_links":{"self":[{"href":"https:\/\/acetik.rs\/index.php\/wp-json\/wp\/v2\/pages\/3399","targetHints":{"allow":["GET"]}}],"collection":[{"href":"https:\/\/acetik.rs\/index.php\/wp-json\/wp\/v2\/pages"}],"about":[{"href":"https:\/\/acetik.rs\/index.php\/wp-json\/wp\/v2\/types\/page"}],"author":[{"embeddable":true,"href":"https:\/\/acetik.rs\/index.php\/wp-json\/wp\/v2\/users\/1"}],"replies":[{"embeddable":true,"href":"https:\/\/acetik.rs\/index.php\/wp-json\/wp\/v2\/comments?post=3399"}],"version-history":[{"count":12,"href":"https:\/\/acetik.rs\/index.php\/wp-json\/wp\/v2\/pages\/3399\/revisions"}],"predecessor-version":[{"id":4230,"href":"https:\/\/acetik.rs\/index.php\/wp-json\/wp\/v2\/pages\/3399\/revisions\/4230"}],"wp:attachment":[{"href":"https:\/\/acetik.rs\/index.php\/wp-json\/wp\/v2\/media?parent=3399"}],"curies":[{"name":"wp","href":"https:\/\/api.w.org\/{rel}","templated":true}]}}