{"id":3371,"date":"2020-12-04T09:45:12","date_gmt":"2020-12-04T09:45:12","guid":{"rendered":"http:\/\/v2.destilacija.net\/?page_id=3371"},"modified":"2021-01-05T07:15:43","modified_gmt":"2021-01-05T07:15:43","slug":"direktor","status":"publish","type":"page","link":"https:\/\/acetik.rs\/index.php\/direktor\/","title":{"rendered":"RIJE\u010c DIREKTORA"},"content":{"rendered":"<p>[vc_row][vc_column width=&#8220;2\/3&#8243;][vc_column_text]<strong>Ro\u0111en 01.12.1978. godine u Tesli\u0107u. Osnovnu \u0161kolu zavr\u0161io u Tesli\u0107u, a srednju \u0161kolu i Ekonomski fakultet, smjer finansijski menad\u017ement u Banjoj Luci. Ima polo\u017een ispit za sertifikovanog ra\u010dunovo\u0111u i licencu. U HI \u201eDestilacija\u201d a.d. radi od 2006. godine i obavljao je poslove zamjenika rukovodioca Privredno-ra\u010dunskog sektora, a od 2008. godine je obavljao poslove rukovodioca Privredno-ra\u010dunskog sektora. Od 2011. godine radi na poslovima Izvr\u0161nog direktora za finansije. Od 2017. godine obavlja funkciju predsjednika Upravnog odbora Podru\u010dne privredne komore Doboj, a tako\u0111e od iste godine je \u010dlan Upravnog odbora Privredne komore Republike Srpske. Od 01.03.2019. godine obavlja poslove generalnog direktora HI \u201eDestilacija&#8220; a.d. Tesli\u0107.<\/strong><\/p>\n<p><strong>\u00a0<\/strong><\/p>\n<p>&nbsp;<\/p>\n<p>Akcionarsko dru\u0161tvo HI \u201eDestilacija\u201d Tesli\u0107 osnovano krajem XIX vjeka (1896. godine), sa osnovnim proizvodima drvenim ugljem i sir\u0107etnom kiselinom. Tokom svih ovih godina postojanja Destilacija stalno te\u017ei unapre\u0111enju kvaliteta svojih proizvoda.<\/p>\n<p>&nbsp;<\/p>\n<p>Rukovode\u0107i se mudrom izrekom \u201eAko na budu\u0107nost ne mislite ne mo\u017eete je ni imati!\u201c permanentni cilj je bio i ostao razvoj novih proizvoda, prvenstveno na bazi osnovnih, \u0161to je rezultiralo proizvodnjom briketa od pra\u0161ine drvenog uglja, proizvodnjom aromatizovanog, alkoholnog, vinskog i jabukovog sir\u0107eta, kao i drugih proizvoda.<\/p>\n<p>&nbsp;<\/p>\n<p>Da je u svojim ciljevima uspjela potvr\u0111eno je raznim priznanjima za rad i kvalitet od op\u0161tinskog, republi\u010dkog do me\u0111unarodnog nivoa i zna\u010daja. Danas je HI \u201eDestilacija\u201d AD Tesli\u0107 potpuno tehnolo\u0161ki i infrastrukturno zaokru\u017eena, kadrovski i organizaciono obezbje\u0111ena, sa svim potrebnim slu\u017ebama za rad preduze\u0107a.<\/p>\n<p>&nbsp;<\/p>\n<p>Pored toga, \u201eDestilacija\u201d veliki zna\u010daj pridaje unapre\u0111enju tehnolo\u0161kog procesa sa aspekta pobolj\u0161anja uslova rada i za\u0161tite radne i \u017eivotne okoline, \u0161to se najbolje vidi investiranjem u gradnju novih, savremenih horizontalnih pe\u0107i za suvu destilaciju drveta, koje predstavljaju zamjenski kapacitet za zastarjele i dotrajale.<\/p>\n<p>&nbsp;<\/p>\n<p>Strate\u0161ki cilj HI \u201eDestilacija\u201d AD Tesli\u0107 je pro\u0161irenje postoje\u0107e proizvodnje, razvoj novih proizvoda i tehnologija vode\u0107i ra\u010duna o ekologiji i po\u0161tovanju me\u0111unarodnih standarda i propisa, a sve s ciljem \u0161to ve\u0107eg zadovoljenja tr\u017ei\u0161ta.[\/vc_column_text][\/vc_column][vc_column width=&#8220;1\/3&#8243;][vc_single_image image=&#8220;3845&#8243; img_size=&#8220;large&#8220;][vc_empty_space][vc_column_text]<\/p>\n<h4 style=\"text-align: center;\"><strong>Zoran \u0160krebi\u0107<\/strong><\/h4>\n<h4 style=\"text-align: center;\">Direktor<\/h4>\n<p>[\/vc_column_text][\/vc_column][\/vc_row]<\/p>\n","protected":false},"excerpt":{"rendered":"<p>[vc_row][vc_column width=&#8220;2\/3&#8243;][vc_column_text]Ro\u0111en 01.12.1978. godine u Tesli\u0107u. Osnovnu \u0161kolu zavr\u0161io u Tesli\u0107u, a srednju \u0161kolu i Ekonomski fakultet, smjer finansijski menad\u017ement u Banjoj Luci. Ima polo\u017een ispit za sertifikovanog ra\u010dunovo\u0111u i licencu. U HI \u201eDestilacija\u201d a.d. radi od 2006. godine i obavljao je poslove zamjenika rukovodioca Privredno-ra\u010dunskog sektora, a od 2008. godine je obavljao poslove rukovodioca [&hellip;]<\/p>\n","protected":false},"author":1,"featured_media":0,"parent":0,"menu_order":0,"comment_status":"closed","ping_status":"closed","template":"page-templates\/template-fullwidth.php","meta":{"footnotes":""},"class_list":["post-3371","page","type-page","status-publish","hentry"],"_links":{"self":[{"href":"https:\/\/acetik.rs\/index.php\/wp-json\/wp\/v2\/pages\/3371","targetHints":{"allow":["GET"]}}],"collection":[{"href":"https:\/\/acetik.rs\/index.php\/wp-json\/wp\/v2\/pages"}],"about":[{"href":"https:\/\/acetik.rs\/index.php\/wp-json\/wp\/v2\/types\/page"}],"author":[{"embeddable":true,"href":"https:\/\/acetik.rs\/index.php\/wp-json\/wp\/v2\/users\/1"}],"replies":[{"embeddable":true,"href":"https:\/\/acetik.rs\/index.php\/wp-json\/wp\/v2\/comments?post=3371"}],"version-history":[{"count":20,"href":"https:\/\/acetik.rs\/index.php\/wp-json\/wp\/v2\/pages\/3371\/revisions"}],"predecessor-version":[{"id":4114,"href":"https:\/\/acetik.rs\/index.php\/wp-json\/wp\/v2\/pages\/3371\/revisions\/4114"}],"wp:attachment":[{"href":"https:\/\/acetik.rs\/index.php\/wp-json\/wp\/v2\/media?parent=3371"}],"curies":[{"name":"wp","href":"https:\/\/api.w.org\/{rel}","templated":true}]}}