{"id":3324,"date":"2020-11-27T08:33:02","date_gmt":"2020-11-27T08:33:02","guid":{"rendered":"http:\/\/v2.destilacija.net\/?page_id=3324"},"modified":"2021-02-16T09:41:18","modified_gmt":"2021-02-16T09:41:18","slug":"ugalj","status":"publish","type":"page","link":"https:\/\/acetik.rs\/index.php\/ugalj\/","title":{"rendered":"DRVENI UGALJ I BRIKET DRVENOG UGLJA"},"content":{"rendered":"<p>[vc_row fullwidth=&#8220;yes&#8220;][vc_column offset=&#8220;vc_hidden-sm vc_hidden-xs&#8220;]\n\t\t\t\t\n\t\t<div class=\"section\">\t\t\t\n\t\t\t<div class=\" split-left\" style=\"background: url('https:\/\/acetik.rs\/wp-content\/uploads\/2020\/11\/DSC_3859.png') ;\">\n\t\t\t\t\t\t\t\t\n\t\t\t\t\n\t\t\t\t\t\t\t\t\t\t\t\t\t\t\t\t\n\t\t\t<\/div>\n\t\t\t<div class=\"split-left dark-background\" style=\"background-color: #bfa98c;\">\n\t\t\t\t\t\t\t\t<div class=\"split-text-wrap\">\n\t\t\t\t\t<div class=\"title-text-center bigger-margin\">\n\t\t\t\t\t\t<h5 style=\"color: #ffffff;\">DRVENI UGALJ<\/h5>\n\t\t\t\t\t\t\t\t\t\t\t<\/div>\n\t\t\t\t\t<p style=\"color: #ffffff;\">Drveni ugalj se proizvodi postupkom suve destilacije listopadnih vrsta drveta. U vertikalnoj retorti i savremenim horizontalnim pe\u0107ima obra\u0111ujemo hrast, bukvu i grab. Godi\u0161nje proizvedemo oko 14.000 tona drvenog uglja i vi\u0161e od 4.000 tona pra\u0161ine drvenog uglja koju preradom pretvaramo u brikete.<\/p>\n\t\t\t\t\t\t\t\t\t<\/div>\n\t\t\t<\/div>\n\t\t<\/div>\n\t\n\n\t\t\t\t\n\t\t<div class=\"section\">\t\t\t\n\t\t\t<div class=\" split-right\" style=\"background: url('https:\/\/acetik.rs\/wp-content\/uploads\/2020\/11\/asdfsf.png') ;\">\n\t\t\t\t\t\t\t\t\n\t\t\t\t\n\t\t\t\t\t\t\t\t\t\t\t\t\t\t\t\t\n\t\t\t<\/div>\n\t\t\t<div class=\"split-right dark-background\" style=\"background-color: #ffffff;\">\n\t\t\t\t\t\t\t\t<div class=\"split-text-wrap\">\n\t\t\t\t\t<div class=\"title-text-center bigger-margin\">\n\t\t\t\t\t\t<h5 style=\"color: #000000;\">BRIKET DRVENOG UGLJA<\/h5>\n\t\t\t\t\t\t\t\t\t\t\t<\/div>\n\t\t\t\t\t<p style=\"color: #000000;\">Presovanjem sitnih frakcija drvenog uglja, proizvodimo visokokvalitetne brikete &#8211; oko 6.600 tona na godi\u0161njem nivou. Kao vezivo u proizvodnji briketa koristimo skrob, a ne hemijska sredstva te su na\u0161i briketi sigurni za upotrebu, bezopasni po okolinu i ekolo\u0161ki \u010disti. Procesom proizvodnje po\u0161tujemo i propise REACH direktive te se na\u0161i briketi mogu prona\u0107i i na policama u Evropskoj uniji.<\/p>\n\t\t\t\t\t\t\t\t\t<\/div>\n\t\t\t<\/div>\n\t\t<\/div>\n\t\n[\/vc_column][\/vc_row][vc_row fullwidth=&#8220;yes&#8220;][vc_column offset=&#8220;vc_hidden-lg vc_hidden-md&#8220;][vc_row_inner][vc_column_inner width=&#8220;1\/2&#8243;][vc_single_image image=&#8220;3137&#8243; img_size=&#8220;full&#8220;][\/vc_column_inner][vc_column_inner width=&#8220;1\/2&#8243;][vc_column_text el_class=&#8220;tekst2&#8243;]<\/p>\n<p style=\"text-align: center;\"><strong>DRVENI UGALJ<\/strong><\/p>\n<p>&nbsp;<\/p>\n<p>Drveni ugalj se proizvodi postupkom suve destilacije listopadnih vrsta drveta. U vertikalnoj retorti i savremenim horizontalnim pe\u0107ima obra\u0111ujemo hrast, bukvu i grab. Godi\u0161nje proizvedemo oko 14.000 tona drvenog uglja i vi\u0161e od 4.000 tona pra\u0161ine drvenog uglja koju preradom pretvaramo u brikete.[\/vc_column_text][\/vc_column_inner][\/vc_row_inner][vc_row_inner][vc_column_inner width=&#8220;1\/2&#8243;][vc_single_image image=&#8220;3344&#8243; img_size=&#8220;full&#8220;][\/vc_column_inner][vc_column_inner width=&#8220;1\/2&#8243;][vc_column_text el_class=&#8220;tekst2&#8243;]<\/p>\n<p style=\"text-align: center;\"><strong>BRIKET DRVENOG UGLJA<\/strong><\/p>\n<p>&nbsp;<\/p>\n<p>Presovanjem sitnih frakcija drvenog uglja, proizvodimo visokokvalitetne brikete \u2013 oko 6.600 tona na godi\u0161njem nivou. Kao vezivo u proizvodnji briketa koristimo skrob, a ne hemijska sredstva te su na\u0161i briketi sigurni za upotrebu, bezopasni po okolinu i ekolo\u0161ki \u010disti. Procesom proizvodnje po\u0161tujemo i propise REACH direktive te se na\u0161i briketi mogu prona\u0107i i na policama u Evropskoj uniji.[\/vc_column_text][\/vc_column_inner][\/vc_row_inner][\/vc_column][\/vc_row]<\/p>\n","protected":false},"excerpt":{"rendered":"<p>[vc_row fullwidth=&#8220;yes&#8220;][vc_column offset=&#8220;vc_hidden-sm vc_hidden-xs&#8220;][\/vc_column][\/vc_row][vc_row fullwidth=&#8220;yes&#8220;][vc_column offset=&#8220;vc_hidden-lg vc_hidden-md&#8220;][vc_row_inner][vc_column_inner width=&#8220;1\/2&#8243;][vc_single_image image=&#8220;3137&#8243; img_size=&#8220;full&#8220;][\/vc_column_inner][vc_column_inner width=&#8220;1\/2&#8243;][vc_column_text el_class=&#8220;tekst2&#8243;] DRVENI UGALJ &nbsp; Drveni ugalj se proizvodi postupkom suve destilacije listopadnih vrsta drveta. U vertikalnoj retorti i savremenim horizontalnim pe\u0107ima obra\u0111ujemo hrast, bukvu i grab. Godi\u0161nje proizvedemo oko 14.000 tona drvenog uglja i vi\u0161e od 4.000 tona pra\u0161ine drvenog uglja koju preradom pretvaramo [&hellip;]<\/p>\n","protected":false},"author":1,"featured_media":0,"parent":0,"menu_order":0,"comment_status":"closed","ping_status":"closed","template":"page-templates\/template-fullwidth.php","meta":{"footnotes":""},"class_list":["post-3324","page","type-page","status-publish","hentry"],"_links":{"self":[{"href":"https:\/\/acetik.rs\/index.php\/wp-json\/wp\/v2\/pages\/3324","targetHints":{"allow":["GET"]}}],"collection":[{"href":"https:\/\/acetik.rs\/index.php\/wp-json\/wp\/v2\/pages"}],"about":[{"href":"https:\/\/acetik.rs\/index.php\/wp-json\/wp\/v2\/types\/page"}],"author":[{"embeddable":true,"href":"https:\/\/acetik.rs\/index.php\/wp-json\/wp\/v2\/users\/1"}],"replies":[{"embeddable":true,"href":"https:\/\/acetik.rs\/index.php\/wp-json\/wp\/v2\/comments?post=3324"}],"version-history":[{"count":17,"href":"https:\/\/acetik.rs\/index.php\/wp-json\/wp\/v2\/pages\/3324\/revisions"}],"predecessor-version":[{"id":4504,"href":"https:\/\/acetik.rs\/index.php\/wp-json\/wp\/v2\/pages\/3324\/revisions\/4504"}],"wp:attachment":[{"href":"https:\/\/acetik.rs\/index.php\/wp-json\/wp\/v2\/media?parent=3324"}],"curies":[{"name":"wp","href":"https:\/\/api.w.org\/{rel}","templated":true}]}}