{"id":3233,"date":"2020-11-25T08:12:27","date_gmt":"2020-11-25T08:12:27","guid":{"rendered":"http:\/\/v2.destilacija.net\/?page_id=3233"},"modified":"2021-07-19T08:57:13","modified_gmt":"2021-07-19T08:57:13","slug":"sircetna-kiselina","status":"publish","type":"page","link":"https:\/\/acetik.rs\/index.php\/sircetna-kiselina\/","title":{"rendered":"PREHRAMBENA SIR\u0106ETNA KISELINA  80% &#8211;  TESLI\u0106KA ESENCIJA"},"content":{"rendered":"<p>[vc_row fullwidth=&#8220;yes&#8220;][vc_column offset=&#8220;vc_hidden-sm vc_hidden-xs&#8220;]\n\t\t\t\t\n\t\t<div class=\"section\">\t\t\t\n\t\t\t<div class=\" split-right\" style=\"background: url('https:\/\/acetik.rs\/wp-content\/uploads\/2020\/12\/80.png') ;\">\n\t\t\t\t\t\t\t\t\n\t\t\t\t\n\t\t\t\t\t\t\t\t\t\t\t\t\t\t\t\t\n\t\t\t<\/div>\n\t\t\t<div class=\"split-right dark-background\" style=\"background-color: #ffffff;\">\n\t\t\t\t\t\t\t\t<div class=\"split-text-wrap\">\n\t\t\t\t\t<div class=\"title-text-center bigger-margin\">\n\t\t\t\t\t\t<h5 style=\"color: #020202;\">SIR\u0106ETNA KISELINA 80%<\/h5>\n\t\t\t\t\t\t\t\t\t\t\t<\/div>\n\t\t\t\t\t<p style=\"color: #020202;\">Na\u0161a sir\u0107etna kiselina zdravija je i postojanija od sinteti\u010dki proizvedene, a sam proces proizvodnje je ekolo\u0161ki podoban. Visok kvalitet i postojanost na\u0161e sir\u0107etne kiseline osigurava visoku tr\u017ei\u0161nu potra\u017enju kako u doma\u0107instvima, kao prehrambeni proizvod, tako i kod industrijskih proizvo\u0111a\u010da, za dalju preradu. Ispunjava propis Evropskog standarda EN 13189, kvalitet za prehrambenu upotrebu, ali i tehni\u010dki kvalitet zahteva potro\u0161a\u010da. Po\u0161tuje i uslove REACH direktive, koja kontroli\u0161e ekolo\u0161ke i zdravstvene uslove hemikalija, i koja nam omogu\u0107ava izvoz u zemlje Evropske unije.<\/p>\n\t\t\t\t\t\t\t\t\t<\/div>\n\t\t\t<\/div>\n\t\t<\/div>\n\t\n[\/vc_column][\/vc_row][vc_row fullwidth=&#8220;yes&#8220;][vc_column offset=&#8220;vc_hidden-lg vc_hidden-md&#8220;][vc_row_inner][vc_column_inner width=&#8220;1\/2&#8243;][vc_single_image image=&#8220;4316&#8243; img_size=&#8220;full&#8220;][\/vc_column_inner][vc_column_inner width=&#8220;1\/2&#8243;][vc_column_text el_class=&#8220;tekst2&#8243;]<\/p>\n<p style=\"text-align: center;\"><strong>SIR\u0106ETNA KISELINA 80%<\/strong><\/p>\n<p>&nbsp;<\/p>\n<p>Na\u0161a sir\u0107etna kiselina zdravija je i postojanija od sinteti\u010dki proizvedene, a sam proces proizvodnje je ekolo\u0161ki podoban. Visok kvalitet i postojanost na\u0161e sir\u0107etne kiseline osigurava visoku tr\u017ei\u0161nu potra\u017enju kako u doma\u0107instvima, kao prehrambeni proizvod, tako i kod industrijskih proizvo\u0111a\u010da, za dalju preradu. Ispunjava propis Evropskog standarda EN 13189, kvalitet za prehrambenu upotrebu, ali i tehni\u010dki kvalitet zahtjeva potro\u0161a\u010da. Po\u0161tuje i uslove REACH direktive, koja kontroli\u0161e ekolo\u0161ke i zdravstvene uslove hemikalija, i koja nam omogu\u0107ava izvoz u zemlje Evropske unije.[\/vc_column_text][\/vc_column_inner][\/vc_row_inner][\/vc_column][\/vc_row]<\/p>\n","protected":false},"excerpt":{"rendered":"<p>[vc_row fullwidth=&#8220;yes&#8220;][vc_column offset=&#8220;vc_hidden-sm vc_hidden-xs&#8220;][\/vc_column][\/vc_row][vc_row fullwidth=&#8220;yes&#8220;][vc_column offset=&#8220;vc_hidden-lg vc_hidden-md&#8220;][vc_row_inner][vc_column_inner width=&#8220;1\/2&#8243;][vc_single_image image=&#8220;4316&#8243; img_size=&#8220;full&#8220;][\/vc_column_inner][vc_column_inner width=&#8220;1\/2&#8243;][vc_column_text el_class=&#8220;tekst2&#8243;] SIR\u0106ETNA KISELINA 80% &nbsp; Na\u0161a sir\u0107etna kiselina zdravija je i postojanija od sinteti\u010dki proizvedene, a sam proces proizvodnje je ekolo\u0161ki podoban. Visok kvalitet i postojanost na\u0161e sir\u0107etne kiseline osigurava visoku tr\u017ei\u0161nu potra\u017enju kako u doma\u0107instvima, kao prehrambeni proizvod, tako i kod industrijskih proizvo\u0111a\u010da, [&hellip;]<\/p>\n","protected":false},"author":1,"featured_media":4467,"parent":0,"menu_order":0,"comment_status":"closed","ping_status":"closed","template":"page-templates\/template-fullwidth.php","meta":{"footnotes":""},"class_list":["post-3233","page","type-page","status-publish","has-post-thumbnail","hentry"],"_links":{"self":[{"href":"https:\/\/acetik.rs\/index.php\/wp-json\/wp\/v2\/pages\/3233","targetHints":{"allow":["GET"]}}],"collection":[{"href":"https:\/\/acetik.rs\/index.php\/wp-json\/wp\/v2\/pages"}],"about":[{"href":"https:\/\/acetik.rs\/index.php\/wp-json\/wp\/v2\/types\/page"}],"author":[{"embeddable":true,"href":"https:\/\/acetik.rs\/index.php\/wp-json\/wp\/v2\/users\/1"}],"replies":[{"embeddable":true,"href":"https:\/\/acetik.rs\/index.php\/wp-json\/wp\/v2\/comments?post=3233"}],"version-history":[{"count":41,"href":"https:\/\/acetik.rs\/index.php\/wp-json\/wp\/v2\/pages\/3233\/revisions"}],"predecessor-version":[{"id":4762,"href":"https:\/\/acetik.rs\/index.php\/wp-json\/wp\/v2\/pages\/3233\/revisions\/4762"}],"wp:featuredmedia":[{"embeddable":true,"href":"https:\/\/acetik.rs\/index.php\/wp-json\/wp\/v2\/media\/4467"}],"wp:attachment":[{"href":"https:\/\/acetik.rs\/index.php\/wp-json\/wp\/v2\/media?parent=3233"}],"curies":[{"name":"wp","href":"https:\/\/api.w.org\/{rel}","templated":true}]}}